{"id":1861,"date":"2023-12-12T23:29:02","date_gmt":"2023-12-13T04:29:02","guid":{"rendered":"https:\/\/isagueshoes.com\/?page_id=1861"},"modified":"2023-12-17T20:55:49","modified_gmt":"2023-12-18T01:55:49","slug":"politica-de-cambios","status":"publish","type":"page","link":"https:\/\/isagueshoes.com\/?page_id=1861","title":{"rendered":"Pol\u00edtica de cambios"},"content":{"rendered":"\t\t<div data-elementor-type=\"wp-page\" data-elementor-id=\"1861\" class=\"elementor elementor-1861\">\n\t\t\t\t\t\t<section class=\"elementor-section elementor-top-section elementor-element elementor-element-61a5f05 elementor-section-boxed elementor-section-height-default elementor-section-height-default\" data-id=\"61a5f05\" data-element_type=\"section\" data-e-type=\"section\" data-settings=\"{&quot;background_background&quot;:&quot;classic&quot;}\">\n\t\t\t\t\t\t\t<div class=\"elementor-background-overlay\"><\/div>\n\t\t\t\t\t\t\t<div class=\"elementor-container elementor-column-gap-no\">\n\t\t\t\t\t<div class=\"elementor-column elementor-col-100 elementor-top-column elementor-element elementor-element-fc3dbda\" data-id=\"fc3dbda\" data-element_type=\"column\" data-e-type=\"column\">\n\t\t\t<div class=\"elementor-widget-wrap elementor-element-populated\">\n\t\t\t\t\t\t<div class=\"elementor-element elementor-element-ce7f049 elementor-widget elementor-widget-heading\" data-id=\"ce7f049\" data-element_type=\"widget\" data-e-type=\"widget\" data-widget_type=\"heading.default\">\n\t\t\t\t<div class=\"elementor-widget-container\">\n\t\t\t\t\t<h1 class=\"elementor-heading-title elementor-size-default\">Pol\u00edtica de cambios<\/h1>\t\t\t\t<\/div>\n\t\t\t\t<\/div>\n\t\t\t\t<section class=\"elementor-section elementor-inner-section elementor-element elementor-element-006600f elementor-section-height-min-height elementor-section-boxed elementor-section-height-default\" data-id=\"006600f\" data-element_type=\"section\" data-e-type=\"section\">\n\t\t\t\t\t\t<div class=\"elementor-container elementor-column-gap-default\">\n\t\t\t\t\t<div class=\"elementor-column elementor-col-100 elementor-inner-column elementor-element elementor-element-8101476\" data-id=\"8101476\" data-element_type=\"column\" data-e-type=\"column\" data-settings=\"{&quot;background_background&quot;:&quot;classic&quot;}\">\n\t\t\t<div class=\"elementor-widget-wrap elementor-element-populated\">\n\t\t\t\t\t<div class=\"elementor-background-overlay\"><\/div>\n\t\t\t\t\t\t<div class=\"elementor-element elementor-element-91f78f2 elementor-widget elementor-widget-heading\" data-id=\"91f78f2\" data-element_type=\"widget\" data-e-type=\"widget\" data-widget_type=\"heading.default\">\n\t\t\t\t<div class=\"elementor-widget-container\">\n\t\t\t\t\t<h6 class=\"elementor-heading-title elementor-size-default\"><b>El producto ser\u00e1 cambiado: <\/b><br><br>\nSi el producto entregado no es el correcto. <br><br>Se acepta cambios por talla siempre y cuando los tenis o el buzo no hayan sido utilizados.\n<br><br><b>A continuaci\u00f3n, encontrar\u00e1s lo que no es un motivo de garant\u00eda:<\/b><br><br>\n<b><i>Tenis:<\/i><\/b><br><br>\nMercanc\u00eda en promoci\u00f3n\/rebaja\/en liquidaci\u00f3n y\/o descontinuada, no aplica para cambio.<br><br>\nRasgones, raspones, ruptura de materiales, as\u00ed como de partes que conforman el zapato como lo son, suelas, cremalleras y dem\u00e1s accesorios del zapato ocasionado por el mal uso del producto.<br><br>\nLos cambios en el color, tonalidad y texturas que sean naturales del material del zapato.<br><br>\nPliegues o rugosidad ocasionadas por la flexi\u00f3n del empeine.<br><br>\nProductos que ya hayan sido manipulados por zapater\u00edas, talleres de calzado u otro tipo de terceros, as\u00ed como tambi\u00e9n da\u00f1os ocasionados por arreglos y limpiezas inadecuadas.\n<br><br><b><i>Prendas de Vestir:<\/i><\/b><br><br>\nMercanc\u00eda en promoci\u00f3n\/rebaja\/en liquidaci\u00f3n y\/o descontinuada, no aplica para cambio.<br><br>\nProductos que ya hayan sido manipulados por talleres de ropa o accesorios u otro tipo de terceros, as\u00ed como tambi\u00e9n da\u00f1os ocasionados por arreglos y limpiezas inadecuadas no aplican para garant\u00eda.<br><br>\nEs indispensable tener en cuenta las instrucciones de cuidado de las prendas (lavado, secado, planchado y uso).<\/h6>\t\t\t\t<\/div>\n\t\t\t\t<\/div>\n\t\t\t\t\t<\/div>\n\t\t<\/div>\n\t\t\t\t\t<\/div>\n\t\t<\/section>\n\t\t\t\t\t<\/div>\n\t\t<\/div>\n\t\t\t\t\t<\/div>\n\t\t<\/section>\n\t\t\t\t<\/div>\n\t\t","protected":false},"excerpt":{"rendered":"<p>Pol\u00edtica de cambios El producto ser\u00e1 cambiado: Si el producto entregado no es el correcto. Se acepta cambios por talla siempre y cuando los tenis o el buzo no hayan sido utilizados. A continuaci\u00f3n, encontrar\u00e1s lo que no es un motivo de garant\u00eda: Tenis: Mercanc\u00eda en promoci\u00f3n\/rebaja\/en liquidaci\u00f3n y\/o descontinuada, no aplica para cambio. Rasgones, [&hellip;]<\/p>\n","protected":false},"author":1,"featured_media":0,"parent":0,"menu_order":0,"comment_status":"closed","ping_status":"closed","template":"","meta":{"_uag_custom_page_level_css":"","site-sidebar-layout":"no-sidebar","site-content-layout":"page-builder","ast-site-content-layout":"full-width-container","site-content-style":"unboxed","site-sidebar-style":"unboxed","ast-global-header-display":"","ast-banner-title-visibility":"","ast-main-header-display":"","ast-hfb-above-header-display":"","ast-hfb-below-header-display":"","ast-hfb-mobile-header-display":"","site-post-title":"disabled","ast-breadcrumbs-content":"disabled","ast-featured-img":"disabled","footer-sml-layout":"","ast-disable-related-posts":"","theme-transparent-header-meta":"default","adv-header-id-meta":"","stick-header-meta":"","header-above-stick-meta":"","header-main-stick-meta":"","header-below-stick-meta":"","astra-migrate-meta-layouts":"set","ast-page-background-enabled":"default","ast-page-background-meta":{"desktop":{"background-color":"","background-image":"","background-repeat":"repeat","background-position":"center center","background-size":"auto","background-attachment":"scroll","background-type":"","background-media":"","overlay-type":"","overlay-color":"","overlay-opacity":"","overlay-gradient":""},"tablet":{"background-color":"","background-image":"","background-repeat":"repeat","background-position":"center center","background-size":"auto","background-attachment":"scroll","background-type":"","background-media":"","overlay-type":"","overlay-color":"","overlay-opacity":"","overlay-gradient":""},"mobile":{"background-color":"","background-image":"","background-repeat":"repeat","background-position":"center center","background-size":"auto","background-attachment":"scroll","background-type":"","background-media":"","overlay-type":"","overlay-color":"","overlay-opacity":"","overlay-gradient":""}},"ast-content-background-meta":{"desktop":{"background-color":"var(--ast-global-color-5)","background-image":"","background-repeat":"repeat","background-position":"center center","background-size":"auto","background-attachment":"scroll","background-type":"","background-media":"","overlay-type":"","overlay-color":"","overlay-opacity":"","overlay-gradient":""},"tablet":{"background-color":"var(--ast-global-color-5)","background-image":"","background-repeat":"repeat","background-position":"center center","background-size":"auto","background-attachment":"scroll","background-type":"","background-media":"","overlay-type":"","overlay-color":"","overlay-opacity":"","overlay-gradient":""},"mobile":{"background-color":"var(--ast-global-color-5)","background-image":"","background-repeat":"repeat","background-position":"center center","background-size":"auto","background-attachment":"scroll","background-type":"","background-media":"","overlay-type":"","overlay-color":"","overlay-opacity":"","overlay-gradient":""}},"_joinchat":[],"footnotes":""},"class_list":["post-1861","page","type-page","status-publish","hentry"],"uagb_featured_image_src":{"full":false,"thumbnail":false,"medium":false,"medium_large":false,"large":false,"1536x1536":false,"2048x2048":false,"mailpoet_newsletter_max":false,"woocommerce_thumbnail":false,"woocommerce_single":false,"woocommerce_gallery_thumbnail":false},"uagb_author_info":{"display_name":"administrador","author_link":"https:\/\/isagueshoes.com\/?author=1"},"uagb_comment_info":0,"uagb_excerpt":"Pol\u00edtica de cambios El producto ser\u00e1 cambiado: Si el producto entregado no es el correcto. Se acepta cambios por talla siempre y cuando los tenis o el buzo no hayan sido utilizados. A continuaci\u00f3n, encontrar\u00e1s lo que no es un motivo de garant\u00eda: Tenis: Mercanc\u00eda en promoci\u00f3n\/rebaja\/en liquidaci\u00f3n y\/o descontinuada, no aplica para cambio. Rasgones,&hellip;","jetpack_sharing_enabled":true,"_links":{"self":[{"href":"https:\/\/isagueshoes.com\/index.php?rest_route=\/wp\/v2\/pages\/1861","targetHints":{"allow":["GET"]}}],"collection":[{"href":"https:\/\/isagueshoes.com\/index.php?rest_route=\/wp\/v2\/pages"}],"about":[{"href":"https:\/\/isagueshoes.com\/index.php?rest_route=\/wp\/v2\/types\/page"}],"author":[{"embeddable":true,"href":"https:\/\/isagueshoes.com\/index.php?rest_route=\/wp\/v2\/users\/1"}],"replies":[{"embeddable":true,"href":"https:\/\/isagueshoes.com\/index.php?rest_route=%2Fwp%2Fv2%2Fcomments&post=1861"}],"version-history":[{"count":28,"href":"https:\/\/isagueshoes.com\/index.php?rest_route=\/wp\/v2\/pages\/1861\/revisions"}],"predecessor-version":[{"id":1949,"href":"https:\/\/isagueshoes.com\/index.php?rest_route=\/wp\/v2\/pages\/1861\/revisions\/1949"}],"wp:attachment":[{"href":"https:\/\/isagueshoes.com\/index.php?rest_route=%2Fwp%2Fv2%2Fmedia&parent=1861"}],"curies":[{"name":"wp","href":"https:\/\/api.w.org\/{rel}","templated":true}]}}